{"id":6865,"date":"2025-12-12T02:38:04","date_gmt":"2025-12-12T02:38:04","guid":{"rendered":"https:\/\/www.dong-esteelball.com\/?page_id=6865"},"modified":"2025-12-12T03:01:14","modified_gmt":"2025-12-12T03:01:14","slug":"honor","status":"publish","type":"page","link":"https:\/\/www.dong-esteelball.com\/tr\/honor\/","title":{"rendered":"onur"},"content":{"rendered":"<div data-elementor-type=\"wp-page\" data-elementor-id=\"6865\" class=\"elementor elementor-6865\" data-elementor-post-type=\"page\">\n\t\t\t\t<div class=\"elementor-element elementor-element-0b09665 e-con-full e-flex e-con e-parent\" data-id=\"0b09665\" data-element_type=\"container\" data-e-type=\"container\">\n\t\t\t\t<div class=\"elementor-element elementor-element-d670f3b elementor--h-position-center elementor--v-position-middle elementor-arrows-position-inside elementor-pagination-position-inside elementor-widget elementor-widget-slides\" data-id=\"d670f3b\" data-element_type=\"widget\" data-e-type=\"widget\" data-settings=\"{&quot;navigation&quot;:&quot;both&quot;,&quot;autoplay&quot;:&quot;yes&quot;,&quot;pause_on_hover&quot;:&quot;yes&quot;,&quot;pause_on_interaction&quot;:&quot;yes&quot;,&quot;autoplay_speed&quot;:5000,&quot;infinite&quot;:&quot;yes&quot;,&quot;transition&quot;:&quot;slide&quot;,&quot;transition_speed&quot;:500}\" data-widget_type=\"slides.default\">\n\t\t\t\t\t\t<div class=\"elementor-widget-container\">\n\t\t\t\t\t\t\t\t\t<div class=\"elementor-swiper\">\n\t\t\t\t\t<div class=\"elementor-slides-wrapper elementor-main-swiper swiper\" role=\"region\" aria-roledescription=\"carousel\" aria-label=\"Kayd\u0131raklar\" dir=\"ltr\" data-animation=\"fadeInUp\">\n\t\t\t\t<div class=\"swiper-wrapper elementor-slides\">\n\t\t\t\t\t\t\t\t\t\t<div class=\"elementor-repeater-item-085e764 swiper-slide\" role=\"group\" aria-roledescription=\"slide\"><div class=\"swiper-slide-bg\" role=\"img\" aria-label=\"\u4f01\u4e1a\u6587\u5316\"><\/div><div class=\"swiper-slide-inner\" ><div class=\"swiper-slide-contents\"><div class=\"elementor-slide-heading\">onur<\/div><\/div><\/div><\/div>\t\t\t\t<\/div>\n\t\t\t\t\t\t\t<\/div>\n\t\t\t\t<\/div>\n\t\t\t\t\t\t\t\t<\/div>\n\t\t\t\t<\/div>\n\t\t\t\t<\/div>\n\t\t<div class=\"elementor-element elementor-element-fb5c928 e-flex e-con-boxed e-con e-parent\" data-id=\"fb5c928\" data-element_type=\"container\" data-e-type=\"container\">\n\t\t\t\t\t<div class=\"e-con-inner\">\n\t\t\t\t<div class=\"elementor-element elementor-element-b23fe7b elementor-widget elementor-widget-heading\" data-id=\"b23fe7b\" data-element_type=\"widget\" data-e-type=\"widget\" data-widget_type=\"heading.default\">\n\t\t\t\t\t\t<div class=\"elementor-widget-container\">\n\t\t\t\t\t<h2 class=\"elementor-heading-title elementor-size-default\">M\u00fc\u015fterilerimize daha iyi hizmet verebilmek i\u00e7in, ekipmanlar\u0131m\u0131z\u0131 s\u00fcrekli olarak geli\u015ftiriyor ve daha da m\u00fckemmel \u00fcr\u00fcnler \u00fcretmek \u00fczere modernize ediyoruz.<\/h2>\t\t\t\t<\/div>\n\t\t\t\t<\/div>\n\t\t<div class=\"elementor-element elementor-element-8812636 e-grid e-con-full e-con e-child\" data-id=\"8812636\" data-element_type=\"container\" data-e-type=\"container\">\n\t\t\t\t<div class=\"elementor-element elementor-element-e289871 elementor-widget elementor-widget-image\" data-id=\"e289871\" data-element_type=\"widget\" data-e-type=\"widget\" data-widget_type=\"image.default\">\n\t\t\t\t\t\t<div class=\"elementor-widget-container\">\n\t\t\t\t\t\t\t\t\t\t\t\t\t\t\t<img alt=\"\" fetchpriority=\"high\" decoding=\"async\" width=\"724\" height=\"1024\" src=\"https:\/\/www.dong-esteelball.com\/wp-content\/uploads\/2025\/12\/1-724x1024.jpg\" class=\"attachment-large size-large wp-image-6892\" srcset=\"https:\/\/www.dong-esteelball.com\/wp-content\/uploads\/2025\/12\/1-724x1024.jpg 724w, https:\/\/www.dong-esteelball.com\/wp-content\/uploads\/2025\/12\/1-212x300.jpg 212w, https:\/\/www.dong-esteelball.com\/wp-content\/uploads\/2025\/12\/1-768x1086.jpg 768w, https:\/\/www.dong-esteelball.com\/wp-content\/uploads\/2025\/12\/1-8x12.jpg 8w, https:\/\/www.dong-esteelball.com\/wp-content\/uploads\/2025\/12\/1-600x848.jpg 600w, https:\/\/www.dong-esteelball.com\/wp-content\/uploads\/2025\/12\/1.jpg 800w\" sizes=\"(max-width: 724px) 100vw, 724px\" \/>\t\t\t\t\t\t\t\t\t\t\t\t\t\t\t<\/div>\n\t\t\t\t<\/div>\n\t\t\t\t<div class=\"elementor-element elementor-element-d969a87 elementor-widget elementor-widget-image\" data-id=\"d969a87\" data-element_type=\"widget\" data-e-type=\"widget\" data-widget_type=\"image.default\">\n\t\t\t\t\t\t<div class=\"elementor-widget-container\">\n\t\t\t\t\t\t\t\t\t\t\t\t\t\t\t<img alt=\"\" decoding=\"async\" width=\"724\" height=\"1024\" src=\"https:\/\/www.dong-esteelball.com\/wp-content\/uploads\/2025\/12\/2-724x1024.jpg\" class=\"attachment-large size-large wp-image-6893\" srcset=\"https:\/\/www.dong-esteelball.com\/wp-content\/uploads\/2025\/12\/2-724x1024.jpg 724w, https:\/\/www.dong-esteelball.com\/wp-content\/uploads\/2025\/12\/2-212x300.jpg 212w, https:\/\/www.dong-esteelball.com\/wp-content\/uploads\/2025\/12\/2-768x1086.jpg 768w, https:\/\/www.dong-esteelball.com\/wp-content\/uploads\/2025\/12\/2-8x12.jpg 8w, https:\/\/www.dong-esteelball.com\/wp-content\/uploads\/2025\/12\/2-600x848.jpg 600w, https:\/\/www.dong-esteelball.com\/wp-content\/uploads\/2025\/12\/2.jpg 800w\" sizes=\"(max-width: 724px) 100vw, 724px\" \/>\t\t\t\t\t\t\t\t\t\t\t\t\t\t\t<\/div>\n\t\t\t\t<\/div>\n\t\t\t\t<div class=\"elementor-element elementor-element-0a6f6ab elementor-widget elementor-widget-image\" data-id=\"0a6f6ab\" data-element_type=\"widget\" data-e-type=\"widget\" data-widget_type=\"image.default\">\n\t\t\t\t\t\t<div class=\"elementor-widget-container\">\n\t\t\t\t\t\t\t\t\t\t\t\t\t\t\t<img alt=\"\" decoding=\"async\" width=\"724\" height=\"1024\" src=\"https:\/\/www.dong-esteelball.com\/wp-content\/uploads\/2025\/12\/3-724x1024.jpg\" class=\"attachment-large size-large wp-image-6894\" srcset=\"https:\/\/www.dong-esteelball.com\/wp-content\/uploads\/2025\/12\/3-724x1024.jpg 724w, https:\/\/www.dong-esteelball.com\/wp-content\/uploads\/2025\/12\/3-212x300.jpg 212w, https:\/\/www.dong-esteelball.com\/wp-content\/uploads\/2025\/12\/3-768x1086.jpg 768w, https:\/\/www.dong-esteelball.com\/wp-content\/uploads\/2025\/12\/3-8x12.jpg 8w, https:\/\/www.dong-esteelball.com\/wp-content\/uploads\/2025\/12\/3-600x848.jpg 600w, https:\/\/www.dong-esteelball.com\/wp-content\/uploads\/2025\/12\/3.jpg 800w\" sizes=\"(max-width: 724px) 100vw, 724px\" \/>\t\t\t\t\t\t\t\t\t\t\t\t\t\t\t<\/div>\n\t\t\t\t<\/div>\n\t\t\t\t<div class=\"elementor-element elementor-element-3229df4 elementor-widget elementor-widget-image\" data-id=\"3229df4\" data-element_type=\"widget\" data-e-type=\"widget\" data-widget_type=\"image.default\">\n\t\t\t\t\t\t<div class=\"elementor-widget-container\">\n\t\t\t\t\t\t\t\t\t\t\t\t\t\t\t<img alt=\"\" loading=\"lazy\" decoding=\"async\" width=\"724\" height=\"1024\" src=\"https:\/\/www.dong-esteelball.com\/wp-content\/uploads\/2025\/12\/4-724x1024.jpg\" class=\"attachment-large size-large wp-image-6895\" srcset=\"https:\/\/www.dong-esteelball.com\/wp-content\/uploads\/2025\/12\/4-724x1024.jpg 724w, https:\/\/www.dong-esteelball.com\/wp-content\/uploads\/2025\/12\/4-212x300.jpg 212w, https:\/\/www.dong-esteelball.com\/wp-content\/uploads\/2025\/12\/4-768x1086.jpg 768w, https:\/\/www.dong-esteelball.com\/wp-content\/uploads\/2025\/12\/4-8x12.jpg 8w, https:\/\/www.dong-esteelball.com\/wp-content\/uploads\/2025\/12\/4-600x848.jpg 600w, https:\/\/www.dong-esteelball.com\/wp-content\/uploads\/2025\/12\/4.jpg 800w\" sizes=\"(max-width: 724px) 100vw, 724px\" \/>\t\t\t\t\t\t\t\t\t\t\t\t\t\t\t<\/div>\n\t\t\t\t<\/div>\n\t\t\t\t<div class=\"elementor-element elementor-element-f9b2cd3 elementor-widget elementor-widget-image\" data-id=\"f9b2cd3\" data-element_type=\"widget\" data-e-type=\"widget\" data-widget_type=\"image.default\">\n\t\t\t\t\t\t<div class=\"elementor-widget-container\">\n\t\t\t\t\t\t\t\t\t\t\t\t\t\t\t<img alt=\"\" loading=\"lazy\" decoding=\"async\" width=\"724\" height=\"1024\" src=\"https:\/\/www.dong-esteelball.com\/wp-content\/uploads\/2025\/12\/5-724x1024.jpg\" class=\"attachment-large size-large wp-image-6896\" srcset=\"https:\/\/www.dong-esteelball.com\/wp-content\/uploads\/2025\/12\/5-724x1024.jpg 724w, https:\/\/www.dong-esteelball.com\/wp-content\/uploads\/2025\/12\/5-212x300.jpg 212w, https:\/\/www.dong-esteelball.com\/wp-content\/uploads\/2025\/12\/5-768x1086.jpg 768w, https:\/\/www.dong-esteelball.com\/wp-content\/uploads\/2025\/12\/5-8x12.jpg 8w, https:\/\/www.dong-esteelball.com\/wp-content\/uploads\/2025\/12\/5-600x848.jpg 600w, https:\/\/www.dong-esteelball.com\/wp-content\/uploads\/2025\/12\/5.jpg 800w\" sizes=\"(max-width: 724px) 100vw, 724px\" \/>\t\t\t\t\t\t\t\t\t\t\t\t\t\t\t<\/div>\n\t\t\t\t<\/div>\n\t\t\t\t<div class=\"elementor-element elementor-element-1cf054d elementor-widget elementor-widget-image\" data-id=\"1cf054d\" data-element_type=\"widget\" data-e-type=\"widget\" data-widget_type=\"image.default\">\n\t\t\t\t\t\t<div class=\"elementor-widget-container\">\n\t\t\t\t\t\t\t\t\t\t\t\t\t\t\t<img alt=\"\" loading=\"lazy\" decoding=\"async\" width=\"724\" height=\"1024\" src=\"https:\/\/www.dong-esteelball.com\/wp-content\/uploads\/2025\/12\/6-724x1024.jpg\" class=\"attachment-large size-large wp-image-6897\" srcset=\"https:\/\/www.dong-esteelball.com\/wp-content\/uploads\/2025\/12\/6-724x1024.jpg 724w, https:\/\/www.dong-esteelball.com\/wp-content\/uploads\/2025\/12\/6-212x300.jpg 212w, https:\/\/www.dong-esteelball.com\/wp-content\/uploads\/2025\/12\/6-768x1086.jpg 768w, https:\/\/www.dong-esteelball.com\/wp-content\/uploads\/2025\/12\/6-8x12.jpg 8w, https:\/\/www.dong-esteelball.com\/wp-content\/uploads\/2025\/12\/6-600x848.jpg 600w, https:\/\/www.dong-esteelball.com\/wp-content\/uploads\/2025\/12\/6.jpg 800w\" sizes=\"(max-width: 724px) 100vw, 724px\" \/>\t\t\t\t\t\t\t\t\t\t\t\t\t\t\t<\/div>\n\t\t\t\t<\/div>\n\t\t\t\t<\/div>\n\t\t\t\t\t<\/div>\n\t\t\t\t<\/div>\n\t\t\t\t<\/div>","protected":false},"excerpt":{"rendered":"<p>Honor We are continuously upgrading and modifying our equipment to manufacture even more perfect products in order to better serve our customers.<\/p>","protected":false},"author":1,"featured_media":0,"parent":0,"menu_order":0,"comment_status":"closed","ping_status":"closed","template":"","meta":{"_seopress_robots_primary_cat":"","_seopress_titles_title":"Honor","_seopress_titles_desc":"","_seopress_robots_index":"","_uag_custom_page_level_css":"","site-sidebar-layout":"no-sidebar","site-content-layout":"page-builder","ast-site-content-layout":"full-width-container","site-content-style":"default","site-sidebar-style":"default","ast-global-header-display":"","ast-banner-title-visibility":"","ast-main-header-display":"","ast-hfb-above-header-display":"","ast-hfb-below-header-display":"","ast-hfb-mobile-header-display":"","site-post-title":"disabled","ast-breadcrumbs-content":"","ast-featured-img":"disabled","footer-sml-layout":"","theme-transparent-header-meta":"","adv-header-id-meta":"","stick-header-meta":"","header-above-stick-meta":"","header-main-stick-meta":"","header-below-stick-meta":"","astra-migrate-meta-layouts":"set","ast-page-background-enabled":"default","ast-page-background-meta":{"desktop":{"background-color":"","background-image":"","background-repeat":"repeat","background-position":"center center","background-size":"auto","background-attachment":"scroll","background-type":"","background-media":"","overlay-type":"","overlay-color":"","overlay-opacity":"","overlay-gradient":""},"tablet":{"background-color":"","background-image":"","background-repeat":"repeat","background-position":"center center","background-size":"auto","background-attachment":"scroll","background-type":"","background-media":"","overlay-type":"","overlay-color":"","overlay-opacity":"","overlay-gradient":""},"mobile":{"background-color":"","background-image":"","background-repeat":"repeat","background-position":"center center","background-size":"auto","background-attachment":"scroll","background-type":"","background-media":"","overlay-type":"","overlay-color":"","overlay-opacity":"","overlay-gradient":""}},"ast-content-background-meta":{"desktop":{"background-color":"var(--ast-global-color-5)","background-image":"","background-repeat":"repeat","background-position":"center center","background-size":"auto","background-attachment":"scroll","background-type":"","background-media":"","overlay-type":"","overlay-color":"","overlay-opacity":"","overlay-gradient":""},"tablet":{"background-color":"var(--ast-global-color-5)","background-image":"","background-repeat":"repeat","background-position":"center center","background-size":"auto","background-attachment":"scroll","background-type":"","background-media":"","overlay-type":"","overlay-color":"","overlay-opacity":"","overlay-gradient":""},"mobile":{"background-color":"var(--ast-global-color-5)","background-image":"","background-repeat":"repeat","background-position":"center center","background-size":"auto","background-attachment":"scroll","background-type":"","background-media":"","overlay-type":"","overlay-color":"","overlay-opacity":"","overlay-gradient":""}},"footnotes":""},"class_list":["post-6865","page","type-page","status-publish","hentry"],"uagb_featured_image_src":{"full":false,"thumbnail":false,"medium":false,"medium_large":false,"large":false,"1536x1536":false,"2048x2048":false,"trp-custom-language-flag":false,"woocommerce_thumbnail":false,"woocommerce_single":false,"woocommerce_gallery_thumbnail":false},"uagb_author_info":{"display_name":"\u9c81\u65ed(\u4e1c\u963f)\u4f9b\u5e94\u94fe\u670d\u52a1\u6709\u9650\u516c\u53f8","author_link":"https:\/\/www.dong-esteelball.com\/tr\/author\/jinxing6611gmail-com\/"},"uagb_comment_info":0,"uagb_excerpt":"Honor We are continuously upgrading and modifying our equipment to manufacture even more perfect products in order to better serve our customers.","_links":{"self":[{"href":"https:\/\/www.dong-esteelball.com\/tr\/wp-json\/wp\/v2\/pages\/6865","targetHints":{"allow":["GET"]}}],"collection":[{"href":"https:\/\/www.dong-esteelball.com\/tr\/wp-json\/wp\/v2\/pages"}],"about":[{"href":"https:\/\/www.dong-esteelball.com\/tr\/wp-json\/wp\/v2\/types\/page"}],"author":[{"embeddable":true,"href":"https:\/\/www.dong-esteelball.com\/tr\/wp-json\/wp\/v2\/users\/1"}],"replies":[{"embeddable":true,"href":"https:\/\/www.dong-esteelball.com\/tr\/wp-json\/wp\/v2\/comments?post=6865"}],"version-history":[{"count":0,"href":"https:\/\/www.dong-esteelball.com\/tr\/wp-json\/wp\/v2\/pages\/6865\/revisions"}],"wp:attachment":[{"href":"https:\/\/www.dong-esteelball.com\/tr\/wp-json\/wp\/v2\/media?parent=6865"}],"curies":[{"name":"wp","href":"https:\/\/api.w.org\/{rel}","templated":true}]}}