{"id":5901,"date":"2025-10-23T09:53:55","date_gmt":"2025-10-23T09:53:55","guid":{"rendered":"http:\/\/www.dong-esteelball.com\/?post_type=product&#038;p=5901"},"modified":"2025-10-29T01:56:15","modified_gmt":"2025-10-29T01:56:15","slug":"304-316-316l-stainless-steel-ball-high-precision-ball-8mm-10mm-12mm-15mm-20mm","status":"publish","type":"product","link":"https:\/\/www.dong-esteelball.com\/tr\/urun\/304-316-316l-stainless-steel-ball-high-precision-ball-8mm-10mm-12mm-15mm-20mm\/","title":{"rendered":"304 316 316L Paslanmaz \u00c7elik Top Y\u00fcksek Do\u011fruluklu Top 8mm 10mm 12mm 15mm 20mm"},"content":{"rendered":"<h3 id=\"key-attributes\" class=\"id-text-xl id-font-bold\" data-spm-anchor-id=\"a2700.details.0.i121.482357e56RkjM9\">Ana \u00d6zellikleri<\/h3>\n<table>\n<tbody>\n<tr>\n<td width=\"228\">Uygulanabilir End\u00fcstriler<\/td>\n<td width=\"391\">\u00dcretim Fabrikas\u0131, In\u015faat Malzemeleri D\u00fckkanlar\u0131, In\u015faat Sekt\u00f6r\u00fc<\/td>\n<td width=\"228\">Malzeme<\/td>\n<td width=\"391\">Paslanmaz \u00c7elik<\/td>\n<\/tr>\n<tr>\n<td width=\"228\">Men\u015fei Yeri<\/td>\n<td width=\"391\">\u00c7in Shandong<\/td>\n<td width=\"228\">Model Numaras\u0131<\/td>\n<td width=\"391\">AISI316<\/td>\n<\/tr>\n<tr>\n<td width=\"228\">Marka Ad\u0131<\/td>\n<td width=\"391\">LUXU<\/td>\n<td width=\"228\">\u00dcr\u00fcn<\/td>\n<td width=\"391\">Paslanmaz \u00c7elik K\u00fcre<\/td>\n<\/tr>\n<tr>\n<td width=\"228\">Uygulama Alanlar\u0131<\/td>\n<td width=\"391\">G\u0131da ve \u0130\u00e7ecek Fabrikas\u0131<\/td>\n<td width=\"228\">Boyut<\/td>\n<td width=\"391\">3.17mm \u00c7elik K\u00fcre<\/td>\n<\/tr>\n<tr>\n<td width=\"228\">Tek Paket Boyutu\uff1a<\/td>\n<td width=\"391\">10X15X15 cm<\/td>\n<td width=\"228\">Malzeme<\/td>\n<td width=\"391\">316<\/td>\n<\/tr>\n<tr>\n<td width=\"228\">Paket<\/td>\n<td width=\"391\">Plastik \u00c7anta + Karton Kutu + Ah\u015fap Kutu<\/td>\n<td width=\"228\"><\/td>\n<td width=\"391\"><\/td>\n<\/tr>\n<\/tbody>\n<\/table>\n<h3><img alt=\"\" fetchpriority=\"high\" decoding=\"async\" class=\"size-full wp-image-5897 aligncenter\" src=\"http:\/\/www.dong-esteelball.com\/wp-content\/uploads\/2025\/10\/B1.jpg\" width=\"1000\" height=\"1000\" srcset=\"https:\/\/www.dong-esteelball.com\/wp-content\/uploads\/2025\/10\/B1.jpg 1000w, https:\/\/www.dong-esteelball.com\/wp-content\/uploads\/2025\/10\/B1-300x300.jpg 300w, https:\/\/www.dong-esteelball.com\/wp-content\/uploads\/2025\/10\/B1-150x150.jpg 150w, https:\/\/www.dong-esteelball.com\/wp-content\/uploads\/2025\/10\/B1-768x768.jpg 768w, https:\/\/www.dong-esteelball.com\/wp-content\/uploads\/2025\/10\/B1-12x12.jpg 12w, https:\/\/www.dong-esteelball.com\/wp-content\/uploads\/2025\/10\/B1-600x600.jpg 600w, https:\/\/www.dong-esteelball.com\/wp-content\/uploads\/2025\/10\/B1-100x100.jpg 100w\" sizes=\"(max-width: 1000px) 100vw, 1000px\" \/><\/h3>\n<h3>Teknik \u00d6zellikleri<\/h3>\n<table>\n<tbody>\n<tr>\n<td width=\"228\">\u00a0\u00dcr\u00fcn<\/td>\n<td width=\"391\">Paslanmaz \u00c7elik Bilye<\/td>\n<\/tr>\n<tr>\n<td width=\"228\">Malzeme<\/td>\n<td width=\"391\">AISI316<\/td>\n<\/tr>\n<tr>\n<td width=\"228\">Marka Ad\u0131<\/td>\n<td width=\"391\">LUXU<\/td>\n<\/tr>\n<tr>\n<td width=\"228\">Men\u015fei Yeri<\/td>\n<td width=\"391\">\u00c7in Shandong<\/td>\n<\/tr>\n<tr>\n<td width=\"228\">Model Numaras\u0131<\/td>\n<td width=\"391\">8mm Paslanmaz \u00c7elik K\u00fcre<\/td>\n<\/tr>\n<tr>\n<td width=\"228\">geni\u015f uygulama aral\u0131\u011f\u0131<\/td>\n<td width=\"391\">Bu \u00e7elik k\u00fcreler Makine Onar\u0131m D\u00fckkanlar\u0131, G\u0131da ve \u0130\u00e7ecek Fabrikas\u0131, Perakende Sekt\u00f6r\u00fc, \u0130n\u015faat \u00c7al\u0131\u015fmalar\u0131 ile Enerji ve Madencilik alanlar\u0131nda yayg\u0131n olarak kullan\u0131l\u0131r ve \u00f6zellikle Yata\u011f \u00fcretimi ve onar\u0131m\u0131 i\u00e7in uygundur.<\/td>\n<\/tr>\n<tr>\n<td width=\"228\">Teslimat<\/td>\n<td width=\"391\">30 - 45 g\u00fcn<\/td>\n<\/tr>\n<\/tbody>\n<\/table>\n<p><img alt=\"\" decoding=\"async\" class=\"size-full wp-image-5899 aligncenter\" src=\"http:\/\/www.dong-esteelball.com\/wp-content\/uploads\/2025\/10\/B3.jpg\" width=\"543\" height=\"407\" srcset=\"https:\/\/www.dong-esteelball.com\/wp-content\/uploads\/2025\/10\/B3.jpg 543w, https:\/\/www.dong-esteelball.com\/wp-content\/uploads\/2025\/10\/B3-300x225.jpg 300w, https:\/\/www.dong-esteelball.com\/wp-content\/uploads\/2025\/10\/B3-16x12.jpg 16w\" sizes=\"(max-width: 543px) 100vw, 543px\" \/><\/p>","protected":false},"excerpt":{"rendered":"<p><strong>\u00d6zellik Vurgular\u0131\uff1a<\/strong>AISI316 malzemeden \u00fcretilmi\u015f y\u00fcksek parlakl\u0131kta paslanmaz \u00e7elik k\u00fcrelerin boyut aral\u0131\u011f\u0131 1mm - 60mm'dir. Bu g\u00fcm\u00fc\u015f tonlu yata\u011f k\u00f6\u015feleri, enerji, madencilik, otomotiv, havac\u0131l\u0131k ve uzay, in\u015faat gibi end\u00fcstrilerde yayg\u0131n olarak kullan\u0131l\u0131r. \u00dcr\u00fcn dayan\u0131kl\u0131l\u0131k ve korozyona direncini sa\u011flar, makine, g\u0131da i\u015fleme ve kimyasal uygulamalar i\u00e7in uygundur.<\/p>","protected":false},"featured_media":6334,"template":"","meta":{"_seopress_robots_primary_cat":"none","_seopress_titles_title":"%%post_title%%","_seopress_titles_desc":"%%post_excerpt%%","_seopress_robots_index":"","_uag_custom_page_level_css":"","site-sidebar-layout":"default","site-content-layout":"","ast-site-content-layout":"default","site-content-style":"default","site-sidebar-style":"default","ast-global-header-display":"","ast-banner-title-visibility":"","ast-main-header-display":"","ast-hfb-above-header-display":"","ast-hfb-below-header-display":"","ast-hfb-mobile-header-display":"","site-post-title":"","ast-breadcrumbs-content":"","ast-featured-img":"","footer-sml-layout":"","theme-transparent-header-meta":"default","adv-header-id-meta":"","stick-header-meta":"default","header-above-stick-meta":"","header-main-stick-meta":"","header-below-stick-meta":"","astra-migrate-meta-layouts":"set","ast-page-background-enabled":"default","ast-page-background-meta":{"desktop":{"background-color":"","background-image":"","background-repeat":"repeat","background-position":"center center","background-size":"auto","background-attachment":"scroll","background-type":"","background-media":"","overlay-type":"","overlay-color":"","overlay-opacity":"","overlay-gradient":""},"tablet":{"background-color":"","background-image":"","background-repeat":"repeat","background-position":"center center","background-size":"auto","background-attachment":"scroll","background-type":"","background-media":"","overlay-type":"","overlay-color":"","overlay-opacity":"","overlay-gradient":""},"mobile":{"background-color":"","background-image":"","background-repeat":"repeat","background-position":"center center","background-size":"auto","background-attachment":"scroll","background-type":"","background-media":"","overlay-type":"","overlay-color":"","overlay-opacity":"","overlay-gradient":""}},"ast-content-background-meta":{"desktop":{"background-color":"var(--ast-global-color-5)","background-image":"","background-repeat":"repeat","background-position":"center center","background-size":"auto","background-attachment":"scroll","background-type":"","background-media":"","overlay-type":"","overlay-color":"","overlay-opacity":"","overlay-gradient":""},"tablet":{"background-color":"var(--ast-global-color-5)","background-image":"","background-repeat":"repeat","background-position":"center center","background-size":"auto","background-attachment":"scroll","background-type":"","background-media":"","overlay-type":"","overlay-color":"","overlay-opacity":"","overlay-gradient":""},"mobile":{"background-color":"var(--ast-global-color-5)","background-image":"","background-repeat":"repeat","background-position":"center center","background-size":"auto","background-attachment":"scroll","background-type":"","background-media":"","overlay-type":"","overlay-color":"","overlay-opacity":"","overlay-gradient":""}}},"product_brand":[],"product_cat":[95],"product_tag":[],"class_list":{"0":"post-5901","1":"product","2":"type-product","3":"status-publish","4":"has-post-thumbnail","6":"product_cat-stainless-steel-ball","7":"desktop-align-left","8":"tablet-align-left","9":"mobile-align-left","10":"ast-product-gallery-layout-horizontal-slider","11":"ast-product-tabs-layout-horizontal","13":"first","14":"instock","15":"featured","16":"shipping-taxable","17":"product-type-simple"},"uagb_featured_image_src":{"full":["https:\/\/www.dong-esteelball.com\/wp-content\/uploads\/2025\/10\/\u672a\u6807\u9898-1-17.jpg",400,400,false],"thumbnail":["https:\/\/www.dong-esteelball.com\/wp-content\/uploads\/2025\/10\/\u672a\u6807\u9898-1-17-150x150.jpg",150,150,true],"medium":["https:\/\/www.dong-esteelball.com\/wp-content\/uploads\/2025\/10\/\u672a\u6807\u9898-1-17-300x300.jpg",300,300,true],"medium_large":["https:\/\/www.dong-esteelball.com\/wp-content\/uploads\/2025\/10\/\u672a\u6807\u9898-1-17.jpg",400,400,false],"large":["https:\/\/www.dong-esteelball.com\/wp-content\/uploads\/2025\/10\/\u672a\u6807\u9898-1-17.jpg",400,400,false],"1536x1536":["https:\/\/www.dong-esteelball.com\/wp-content\/uploads\/2025\/10\/\u672a\u6807\u9898-1-17.jpg",400,400,false],"2048x2048":["https:\/\/www.dong-esteelball.com\/wp-content\/uploads\/2025\/10\/\u672a\u6807\u9898-1-17.jpg",400,400,false],"trp-custom-language-flag":["https:\/\/www.dong-esteelball.com\/wp-content\/uploads\/2025\/10\/\u672a\u6807\u9898-1-17-12x12.jpg",12,12,true],"woocommerce_thumbnail":["https:\/\/www.dong-esteelball.com\/wp-content\/uploads\/2025\/10\/\u672a\u6807\u9898-1-17-300x300.jpg",300,300,true],"woocommerce_single":["https:\/\/www.dong-esteelball.com\/wp-content\/uploads\/2025\/10\/\u672a\u6807\u9898-1-17.jpg",400,400,false],"woocommerce_gallery_thumbnail":["https:\/\/www.dong-esteelball.com\/wp-content\/uploads\/2025\/10\/\u672a\u6807\u9898-1-17-100x100.jpg",100,100,true]},"uagb_author_info":{"display_name":"\u9c81\u65ed(\u4e1c\u963f)\u4f9b\u5e94\u94fe\u670d\u52a1\u6709\u9650\u516c\u53f8","author_link":"https:\/\/www.dong-esteelball.com\/tr\/author\/"},"uagb_comment_info":0,"uagb_excerpt":"Feature highlights:High-precision stainless steel balls made from AISI316 material, offering excellent corrosion resistance and durability. Suitable for a wide range of applications including machinery repair, food processing, chemical industries, and more. Trusted for high-quality performance in construction, mining, and manufacturing sectors.","_links":{"self":[{"href":"https:\/\/www.dong-esteelball.com\/tr\/wp-json\/wp\/v2\/product\/5901","targetHints":{"allow":["GET"]}}],"collection":[{"href":"https:\/\/www.dong-esteelball.com\/tr\/wp-json\/wp\/v2\/product"}],"about":[{"href":"https:\/\/www.dong-esteelball.com\/tr\/wp-json\/wp\/v2\/types\/product"}],"wp:featuredmedia":[{"embeddable":true,"href":"https:\/\/www.dong-esteelball.com\/tr\/wp-json\/wp\/v2\/media\/6334"}],"wp:attachment":[{"href":"https:\/\/www.dong-esteelball.com\/tr\/wp-json\/wp\/v2\/media?parent=5901"}],"wp:term":[{"taxonomy":"product_brand","embeddable":true,"href":"https:\/\/www.dong-esteelball.com\/tr\/wp-json\/wp\/v2\/product_brand?post=5901"},{"taxonomy":"product_cat","embeddable":true,"href":"https:\/\/www.dong-esteelball.com\/tr\/wp-json\/wp\/v2\/product_cat?post=5901"},{"taxonomy":"product_tag","embeddable":true,"href":"https:\/\/www.dong-esteelball.com\/tr\/wp-json\/wp\/v2\/product_tag?post=5901"}],"curies":[{"name":"wp","href":"https:\/\/api.w.org\/{rel}","templated":true}]}}