{"id":5908,"date":"2025-10-23T10:05:07","date_gmt":"2025-10-23T10:05:07","guid":{"rendered":"http:\/\/www.dong-esteelball.com\/?post_type=product&#038;p=5908"},"modified":"2025-10-27T06:49:33","modified_gmt":"2025-10-27T06:49:33","slug":"g1000-aisi-010-carbon-steel-ball-durable-chrome-steel-bearing-balls-for-various-industries-model-number-chrome-steel-ball","status":"publish","type":"product","link":"https:\/\/www.dong-esteelball.com\/tr\/urun\/g1000-aisi-010-carbon-steel-ball-durable-chrome-steel-bearing-balls-for-various-industries-model-number-chrome-steel-ball\/","title":{"rendered":"G1000 S\u0131n\u0131f\u0131 AISI 010 Karbonlu \u00c7elik Top Dayan\u0131kl\u0131 Kromlu \u00c7elik Rulman Topu \u00c7e\u015fitli End\u00fcstrilere Uygun Model: Kromlu \u00c7elik Top"},"content":{"rendered":"<h3 id=\"key-attributes\" class=\"id-text-xl id-font-bold\" data-spm-anchor-id=\"a2700.details.0.i121.482357e56RkjM9\">Ana \u00d6zellikleri<\/h3>\n<table style=\"font-size: 16px; font-style: normal;\">\n<tbody>\n<tr>\n<td width=\"228\">Uygulanabilir End\u00fcstriler<\/td>\n<td width=\"391\">\u00dcretim Fabrikas\u0131, In\u015faat Malzemeleri D\u00fckkanlar\u0131, In\u015faat Sekt\u00f6r\u00fc<\/td>\n<td width=\"228\">Malzeme<\/td>\n<td width=\"391\">Paslanmaz \u00c7elik<\/td>\n<\/tr>\n<tr>\n<td width=\"228\">Men\u015fei Yeri<\/td>\n<td width=\"391\">\u00c7in Shandong<\/td>\n<td width=\"228\">Model Numaras\u0131<\/td>\n<td width=\"391\">AISI316<\/td>\n<\/tr>\n<tr>\n<td width=\"228\">Marka Ad\u0131<\/td>\n<td width=\"391\">LUXU<\/td>\n<td width=\"228\">\u00dcr\u00fcn<\/td>\n<td width=\"391\">Karbon \u00c7elik Bilye<\/td>\n<\/tr>\n<tr>\n<td width=\"228\">Uygulama Alanlar\u0131<\/td>\n<td width=\"391\">G\u0131da ve \u0130\u00e7ecek Fabrikas\u0131<\/td>\n<td width=\"228\">Boyut<\/td>\n<td width=\"391\">2.381mm-25.4mm<\/td>\n<\/tr>\n<tr>\n<td width=\"228\">Sertlik<\/td>\n<td width=\"391\">HRC58~62<\/td>\n<td width=\"228\">Tek Paket Boyutu\uff1a<\/td>\n<td width=\"391\">10X15X15 cm<\/td>\n<\/tr>\n<tr>\n<td width=\"228\">Paket<\/td>\n<td width=\"391\">Plastik \u00c7anta + Karton Kutu + Ah\u015fap Kutu<\/td>\n<td width=\"228\">\u00d6deme \u015fartlar\u0131<\/td>\n<td width=\"391\">T \/ T<\/td>\n<\/tr>\n<\/tbody>\n<\/table>\n<h3><img alt=\"\" fetchpriority=\"high\" decoding=\"async\" class=\"size-full wp-image-5890 aligncenter\" src=\"http:\/\/www.dong-esteelball.com\/wp-content\/uploads\/2025\/07\/Hfae0ab8441b948e6b48a68db6c995b51e.jpg\" width=\"1000\" height=\"750\" srcset=\"https:\/\/www.dong-esteelball.com\/wp-content\/uploads\/2025\/07\/Hfae0ab8441b948e6b48a68db6c995b51e.jpg 1000w, https:\/\/www.dong-esteelball.com\/wp-content\/uploads\/2025\/07\/Hfae0ab8441b948e6b48a68db6c995b51e-300x225.jpg 300w, https:\/\/www.dong-esteelball.com\/wp-content\/uploads\/2025\/07\/Hfae0ab8441b948e6b48a68db6c995b51e-768x576.jpg 768w, https:\/\/www.dong-esteelball.com\/wp-content\/uploads\/2025\/07\/Hfae0ab8441b948e6b48a68db6c995b51e-16x12.jpg 16w, https:\/\/www.dong-esteelball.com\/wp-content\/uploads\/2025\/07\/Hfae0ab8441b948e6b48a68db6c995b51e-600x450.jpg 600w\" sizes=\"(max-width: 1000px) 100vw, 1000px\" \/><\/h3>\n<h3>Teknik \u00d6zellikleri<\/h3>\n<table>\n<tbody>\n<tr>\n<td width=\"228\">\u00a0\u00dcr\u00fcn<\/td>\n<td width=\"391\">Karbon \u00c7elik Bilye<\/td>\n<\/tr>\n<tr>\n<td width=\"228\">Malzeme<\/td>\n<td width=\"391\">Paslanmaz \u00c7elik Bilye<\/td>\n<\/tr>\n<tr>\n<td width=\"228\">Marka Ad\u0131<\/td>\n<td width=\"391\">LUXU<\/td>\n<\/tr>\n<tr>\n<td width=\"228\">Men\u015fei Yeri<\/td>\n<td width=\"391\">\u00c7in Shandong<\/td>\n<\/tr>\n<tr>\n<td width=\"228\">Model Numaras\u0131<\/td>\n<td width=\"391\">\u00a08mm Paslanmaz \u00c7elik K\u00fcre<\/td>\n<\/tr>\n<tr>\n<td width=\"228\">geni\u015f uygulama aral\u0131\u011f\u0131<\/td>\n<td width=\"391\">Bu \u00e7elik k\u00fcreler Makine Onar\u0131m D\u00fckkanlar\u0131, G\u0131da ve \u0130\u00e7ecek Fabrikas\u0131, Perakende Sekt\u00f6r\u00fc, \u0130n\u015faat \u00c7al\u0131\u015fmalar\u0131 ile Enerji ve Madencilik alanlar\u0131nda yayg\u0131n olarak kullan\u0131l\u0131r ve \u00f6zellikle Yata\u011f \u00fcretimi ve onar\u0131m\u0131 i\u00e7in uygundur.<\/td>\n<\/tr>\n<tr>\n<td width=\"228\">Teslimat<\/td>\n<td width=\"391\">30 - 45 g\u00fcn<\/td>\n<\/tr>\n<\/tbody>\n<\/table>","protected":false},"excerpt":{"rendered":"<p><strong>\u00d6zellik Vurgular\u0131\uff1a<\/strong>Y\u00fcksek hassasiyetli karbon \u00e7eli\u011fi k\u00fcreler, 58 - 62 Rockwell sertli\u011fine sahiptir ve G\u0131da ve \u0130\u00e7ecek, Makine Onar\u0131m\u0131, \u0130n\u015faat, Enerji ve Madencilik gibi \u00e7e\u015fitli end\u00fcstrilere yayg\u0131n olarak uygulan\u0131r. \u00dcr\u00fcn, yata\u011flar, do\u011fru hareket kollar\u0131, otomobil par\u00e7alar\u0131 vb. bile\u015fenlerde kullan\u0131ld\u0131\u011f\u0131nda \u00fcst d\u00fczey dayan\u0131kl\u0131l\u0131k ve g\u00fcvenilirlik sunar. \u00dcr\u00fcn boyutlar\u0131 2.381mm'den 25.4mm'ye kadar de\u011fi\u015fir ve \u00fcretim, onar\u0131m ve \u00e7e\u015fitli end\u00fcstrilere esnek bir \u015fekilde uygun hale gelir.<\/p>","protected":false},"featured_media":6242,"template":"","meta":{"_seopress_robots_primary_cat":"none","_seopress_titles_title":"%%post_title%%","_seopress_titles_desc":"%%post_excerpt%%","_seopress_robots_index":"","_uag_custom_page_level_css":"","site-sidebar-layout":"default","site-content-layout":"","ast-site-content-layout":"default","site-content-style":"default","site-sidebar-style":"default","ast-global-header-display":"","ast-banner-title-visibility":"","ast-main-header-display":"","ast-hfb-above-header-display":"","ast-hfb-below-header-display":"","ast-hfb-mobile-header-display":"","site-post-title":"","ast-breadcrumbs-content":"","ast-featured-img":"","footer-sml-layout":"","theme-transparent-header-meta":"default","adv-header-id-meta":"","stick-header-meta":"default","header-above-stick-meta":"","header-main-stick-meta":"","header-below-stick-meta":"","astra-migrate-meta-layouts":"set","ast-page-background-enabled":"default","ast-page-background-meta":{"desktop":{"background-color":"","background-image":"","background-repeat":"repeat","background-position":"center center","background-size":"auto","background-attachment":"scroll","background-type":"","background-media":"","overlay-type":"","overlay-color":"","overlay-opacity":"","overlay-gradient":""},"tablet":{"background-color":"","background-image":"","background-repeat":"repeat","background-position":"center center","background-size":"auto","background-attachment":"scroll","background-type":"","background-media":"","overlay-type":"","overlay-color":"","overlay-opacity":"","overlay-gradient":""},"mobile":{"background-color":"","background-image":"","background-repeat":"repeat","background-position":"center center","background-size":"auto","background-attachment":"scroll","background-type":"","background-media":"","overlay-type":"","overlay-color":"","overlay-opacity":"","overlay-gradient":""}},"ast-content-background-meta":{"desktop":{"background-color":"var(--ast-global-color-5)","background-image":"","background-repeat":"repeat","background-position":"center center","background-size":"auto","background-attachment":"scroll","background-type":"","background-media":"","overlay-type":"","overlay-color":"","overlay-opacity":"","overlay-gradient":""},"tablet":{"background-color":"var(--ast-global-color-5)","background-image":"","background-repeat":"repeat","background-position":"center center","background-size":"auto","background-attachment":"scroll","background-type":"","background-media":"","overlay-type":"","overlay-color":"","overlay-opacity":"","overlay-gradient":""},"mobile":{"background-color":"var(--ast-global-color-5)","background-image":"","background-repeat":"repeat","background-position":"center center","background-size":"auto","background-attachment":"scroll","background-type":"","background-media":"","overlay-type":"","overlay-color":"","overlay-opacity":"","overlay-gradient":""}}},"product_brand":[],"product_cat":[96],"product_tag":[],"class_list":{"0":"post-5908","1":"product","2":"type-product","3":"status-publish","4":"has-post-thumbnail","6":"product_cat-carbon-steel-ball","7":"desktop-align-left","8":"tablet-align-left","9":"mobile-align-left","10":"ast-product-gallery-layout-horizontal-slider","11":"ast-product-tabs-layout-horizontal","13":"first","14":"instock","15":"featured","16":"shipping-taxable","17":"product-type-simple"},"uagb_featured_image_src":{"full":["https:\/\/www.dong-esteelball.com\/wp-content\/uploads\/2025\/10\/\u672a\u6807\u9898-1-2.png",400,400,false],"thumbnail":["https:\/\/www.dong-esteelball.com\/wp-content\/uploads\/2025\/10\/\u672a\u6807\u9898-1-2-150x150.png",150,150,true],"medium":["https:\/\/www.dong-esteelball.com\/wp-content\/uploads\/2025\/10\/\u672a\u6807\u9898-1-2-300x300.png",300,300,true],"medium_large":["https:\/\/www.dong-esteelball.com\/wp-content\/uploads\/2025\/10\/\u672a\u6807\u9898-1-2.png",400,400,false],"large":["https:\/\/www.dong-esteelball.com\/wp-content\/uploads\/2025\/10\/\u672a\u6807\u9898-1-2.png",400,400,false],"1536x1536":["https:\/\/www.dong-esteelball.com\/wp-content\/uploads\/2025\/10\/\u672a\u6807\u9898-1-2.png",400,400,false],"2048x2048":["https:\/\/www.dong-esteelball.com\/wp-content\/uploads\/2025\/10\/\u672a\u6807\u9898-1-2.png",400,400,false],"trp-custom-language-flag":["https:\/\/www.dong-esteelball.com\/wp-content\/uploads\/2025\/10\/\u672a\u6807\u9898-1-2-12x12.png",12,12,true],"woocommerce_thumbnail":["https:\/\/www.dong-esteelball.com\/wp-content\/uploads\/2025\/10\/\u672a\u6807\u9898-1-2-300x300.png",300,300,true],"woocommerce_single":["https:\/\/www.dong-esteelball.com\/wp-content\/uploads\/2025\/10\/\u672a\u6807\u9898-1-2.png",400,400,false],"woocommerce_gallery_thumbnail":["https:\/\/www.dong-esteelball.com\/wp-content\/uploads\/2025\/10\/\u672a\u6807\u9898-1-2-100x100.png",100,100,true]},"uagb_author_info":{"display_name":"\u9c81\u65ed(\u4e1c\u963f)\u4f9b\u5e94\u94fe\u670d\u52a1\u6709\u9650\u516c\u53f8","author_link":"https:\/\/www.dong-esteelball.com\/tr\/author\/"},"uagb_comment_info":0,"uagb_excerpt":"Feature highlights:High-precision Carbon Steel Ball made from stainless steel with a hardness of HRC58~62, suitable for various industries including Food &amp; Beverage, Machinery Repair, Construction, and Energy &amp; Mining. The product ensures durability and reliability in applications like bearings, linear motion guides, and automotive parts. With sizes ranging from 2.381mm to 25.4mm, it offers versatility&hellip;","_links":{"self":[{"href":"https:\/\/www.dong-esteelball.com\/tr\/wp-json\/wp\/v2\/product\/5908","targetHints":{"allow":["GET"]}}],"collection":[{"href":"https:\/\/www.dong-esteelball.com\/tr\/wp-json\/wp\/v2\/product"}],"about":[{"href":"https:\/\/www.dong-esteelball.com\/tr\/wp-json\/wp\/v2\/types\/product"}],"wp:featuredmedia":[{"embeddable":true,"href":"https:\/\/www.dong-esteelball.com\/tr\/wp-json\/wp\/v2\/media\/6242"}],"wp:attachment":[{"href":"https:\/\/www.dong-esteelball.com\/tr\/wp-json\/wp\/v2\/media?parent=5908"}],"wp:term":[{"taxonomy":"product_brand","embeddable":true,"href":"https:\/\/www.dong-esteelball.com\/tr\/wp-json\/wp\/v2\/product_brand?post=5908"},{"taxonomy":"product_cat","embeddable":true,"href":"https:\/\/www.dong-esteelball.com\/tr\/wp-json\/wp\/v2\/product_cat?post=5908"},{"taxonomy":"product_tag","embeddable":true,"href":"https:\/\/www.dong-esteelball.com\/tr\/wp-json\/wp\/v2\/product_tag?post=5908"}],"curies":[{"name":"wp","href":"https:\/\/api.w.org\/{rel}","templated":true}]}}