{"id":5910,"date":"2025-10-23T10:12:25","date_gmt":"2025-10-23T10:12:25","guid":{"rendered":"http:\/\/www.dong-esteelball.com\/?post_type=product&#038;p=5910"},"modified":"2026-01-30T01:40:17","modified_gmt":"2026-01-30T01:40:17","slug":"best-price-custom-3mm-4mm-5mm-6mm-7mm-8mm-9mm-10mm-11mm-12mm-g1000-solid-high-carbon-low-carbon-steel-mild-steel-iron-ball","status":"publish","type":"product","link":"https:\/\/www.dong-esteelball.com\/tr\/urun\/best-price-custom-3mm-4mm-5mm-6mm-7mm-8mm-9mm-10mm-11mm-12mm-g1000-solid-high-carbon-low-carbon-steel-mild-steel-iron-ball\/","title":{"rendered":"En \u0130yi Fiyat \u00d6zel 3mm 4mm 5mm 6mm 7mm 8mm 9mm 10mm 11mm 12mm G1000 Sert Y\u00fcksek Karbonlu\/Al\u00e7ak Karbonlu \u00c7elik\/Me\u015fhur Demir Top"},"content":{"rendered":"<h3 id=\"key-attributes\" class=\"id-text-xl id-font-bold\" data-spm-anchor-id=\"a2700.details.0.i121.482357e56RkjM9\">Ana \u00d6zellikleri<\/h3>\n<p>&nbsp;<\/p>\n<table style=\"font-size: 16px; font-style: normal;\">\n<tbody>\n<tr>\n<td width=\"228\">Uygulanabilir End\u00fcstriler<\/td>\n<td width=\"391\">\u0130n\u015faat \u00c7al\u0131\u015fmalar\u0131, \u00dcretim Fabrikas\u0131<\/td>\n<td width=\"228\">Sertlik<\/td>\n<td width=\"391\">HRC 66-70<\/td>\n<\/tr>\n<tr>\n<td width=\"228\">Malzeme<\/td>\n<td width=\"391\">Karbon \u00c7elik Bilye<\/td>\n<td width=\"228\">Y\u00fczey P\u00fcr\u00fczl\u00fcl\u00fc\u011f\u00fc<\/td>\n<td width=\"391\">Y\u00fcksek Parlakl\u0131k \u0130\u015flemi<\/td>\n<\/tr>\n<tr>\n<td width=\"228\">Men\u015fei Yeri<\/td>\n<td width=\"391\">\u00c7in Shandong<\/td>\n<td width=\"228\">Y\u00fczey \u0130\u015flemesi<\/td>\n<td width=\"391\">Y\u00fcksek Parlakl\u0131k \u0130\u015flemi<\/td>\n<\/tr>\n<tr>\n<td width=\"228\">Model Numaras\u0131<\/td>\n<td width=\"391\">AISI1010<\/td>\n<td width=\"228\">Marka Ad\u0131<\/td>\n<td width=\"391\">LUXU<\/td>\n<\/tr>\n<tr>\n<td width=\"228\">\u00f6zellik<\/td>\n<td width=\"391\">kararl\u0131 \u00e7al\u0131\u015fma \u00f6zelli\u011fi<\/td>\n<td width=\"228\">\u00dcr\u00fcn<\/td>\n<td width=\"391\">G1000 Karbon \u00c7eli\u011fi Yata\u011f K\u00fcreleri<\/td>\n<\/tr>\n<tr>\n<td width=\"228\">Uygulama Alanlar\u0131<\/td>\n<td width=\"391\">Otomobil G\u00fc\u00e7 \u0130letim Sistemi    Bisiklet Ayak Stant\u0131     Zincir Gerginlik Ayarlay\u0131c\u0131<\/td>\n<td width=\"228\">Boyut<\/td>\n<td width=\"391\">6.35mm<\/td>\n<\/tr>\n<tr>\n<td width=\"228\">Sertlik<\/td>\n<td width=\"391\">HRC58-62<\/td>\n<td width=\"228\">Paket<\/td>\n<td width=\"391\">ya\u011f i\u00e7eren veya ya\u011f \u00e7\u0131kar\u0131lm\u0131\u015f<\/td>\n<\/tr>\n<tr>\n<td width=\"228\">\u00d6deme \u015fartlar\u0131<\/td>\n<td width=\"391\">T \/ T<\/td>\n<td width=\"228\">numune<\/td>\n<td width=\"391\">\u00fccretsiz olarak sunmak<\/td>\n<\/tr>\n<tr>\n<td width=\"228\">teslimat<\/td>\n<td width=\"391\">Yirmi g\u00fcn<\/td>\n<td width=\"228\">paketleme<\/td>\n<td width=\"391\">Plastik \u00c7anta + Karton Kutu + Ah\u015fap Kutu<\/td>\n<\/tr>\n<\/tbody>\n<\/table>\n<h3><img alt=\"\" fetchpriority=\"high\" decoding=\"async\" class=\"size-full wp-image-5913 aligncenter\" src=\"http:\/\/www.dong-esteelball.com\/wp-content\/uploads\/2025\/10\/H6bca57e2c5bb4afea12a30e426862d038.jpg\" width=\"1000\" height=\"1000\" srcset=\"https:\/\/www.dong-esteelball.com\/wp-content\/uploads\/2025\/10\/H6bca57e2c5bb4afea12a30e426862d038.jpg 1000w, https:\/\/www.dong-esteelball.com\/wp-content\/uploads\/2025\/10\/H6bca57e2c5bb4afea12a30e426862d038-300x300.jpg 300w, https:\/\/www.dong-esteelball.com\/wp-content\/uploads\/2025\/10\/H6bca57e2c5bb4afea12a30e426862d038-150x150.jpg 150w, https:\/\/www.dong-esteelball.com\/wp-content\/uploads\/2025\/10\/H6bca57e2c5bb4afea12a30e426862d038-768x768.jpg 768w, https:\/\/www.dong-esteelball.com\/wp-content\/uploads\/2025\/10\/H6bca57e2c5bb4afea12a30e426862d038-12x12.jpg 12w, https:\/\/www.dong-esteelball.com\/wp-content\/uploads\/2025\/10\/H6bca57e2c5bb4afea12a30e426862d038-600x600.jpg 600w, https:\/\/www.dong-esteelball.com\/wp-content\/uploads\/2025\/10\/H6bca57e2c5bb4afea12a30e426862d038-100x100.jpg 100w\" sizes=\"(max-width: 1000px) 100vw, 1000px\" \/><\/h3>\n<h3><\/h3>\n<h3>Teknik \u00d6zellikleri<\/h3>\n<table>\n<tbody>\n<tr>\n<td width=\"228\">\u00a0\u00dcr\u00fcn<\/td>\n<td width=\"391\">Karbon \u00c7elik Bilye<\/td>\n<\/tr>\n<tr>\n<td width=\"228\">Malzeme<\/td>\n<td width=\"391\">AISI1010\/1015<\/td>\n<\/tr>\n<tr>\n<td width=\"228\">Marka Ad\u0131<\/td>\n<td width=\"391\">LUXU<\/td>\n<\/tr>\n<tr>\n<td width=\"228\">Men\u015fei Yeri<\/td>\n<td width=\"391\">\u00c7in Shandong<\/td>\n<\/tr>\n<tr>\n<td width=\"228\">Model Numaras\u0131<\/td>\n<td width=\"391\">2.381mm-25.4mm<\/td>\n<\/tr>\n<tr>\n<td width=\"228\">geni\u015f uygulama aral\u0131\u011f\u0131<\/td>\n<td width=\"391\">Bisikletler, yata\u011flar, \u00e7ekmeceler, raylar, sanatsal eserler, raflar vb.<\/td>\n<\/tr>\n<tr>\n<td width=\"228\">Teslimat<\/td>\n<td width=\"391\">30 - 45 g\u00fcn<\/td>\n<\/tr>\n<\/tbody>\n<\/table>","protected":false},"excerpt":{"rendered":"<p><strong>\u00d6zellik Vurgular\u0131\uff1a<\/strong>Y\u00fcksek hassasiyetli AISI1010 G1000 karbon \u00e7eli\u011fi yata\u011f k\u00fcreleri, HRC58 - 62 Rockwell sertli\u011fine sahiptir ve otomobil, bisiklet ve end\u00fcstriyel uygulamalara uygundur. \u00dcr\u00fcn, Makine Onar\u0131m D\u00fckkanlar\u0131, G\u0131da ve \u0130\u00e7ecek Fabrikalar\u0131 ile Enerji ve Madencilik sekt\u00f6rleri taraf\u0131ndan g\u00fcvenilir olarak kabul edilir ve y\u0131ll\u0131k \u00fcretim kapasitesi 5000 tonu a\u015far. \u00dcretim a\u015famas\u0131nda optik s\u0131ralama dahil kat\u0131 denetim y\u00f6ntemleri kullan\u0131larak kalite garanti edilir ve \u00fccretsiz numuneler sa\u011flanabilir.<\/p>","protected":false},"featured_media":6919,"template":"","meta":{"_seopress_robots_primary_cat":"none","_seopress_titles_title":"%%post_title%%","_seopress_titles_desc":"%%post_excerpt%%","_seopress_robots_index":"","_uag_custom_page_level_css":"","site-sidebar-layout":"default","site-content-layout":"","ast-site-content-layout":"default","site-content-style":"default","site-sidebar-style":"default","ast-global-header-display":"","ast-banner-title-visibility":"","ast-main-header-display":"","ast-hfb-above-header-display":"","ast-hfb-below-header-display":"","ast-hfb-mobile-header-display":"","site-post-title":"","ast-breadcrumbs-content":"","ast-featured-img":"","footer-sml-layout":"","theme-transparent-header-meta":"default","adv-header-id-meta":"","stick-header-meta":"default","header-above-stick-meta":"","header-main-stick-meta":"","header-below-stick-meta":"","astra-migrate-meta-layouts":"set","ast-page-background-enabled":"default","ast-page-background-meta":{"desktop":{"background-color":"","background-image":"","background-repeat":"repeat","background-position":"center center","background-size":"auto","background-attachment":"scroll","background-type":"","background-media":"","overlay-type":"","overlay-color":"","overlay-opacity":"","overlay-gradient":""},"tablet":{"background-color":"","background-image":"","background-repeat":"repeat","background-position":"center center","background-size":"auto","background-attachment":"scroll","background-type":"","background-media":"","overlay-type":"","overlay-color":"","overlay-opacity":"","overlay-gradient":""},"mobile":{"background-color":"","background-image":"","background-repeat":"repeat","background-position":"center center","background-size":"auto","background-attachment":"scroll","background-type":"","background-media":"","overlay-type":"","overlay-color":"","overlay-opacity":"","overlay-gradient":""}},"ast-content-background-meta":{"desktop":{"background-color":"var(--ast-global-color-5)","background-image":"","background-repeat":"repeat","background-position":"center center","background-size":"auto","background-attachment":"scroll","background-type":"","background-media":"","overlay-type":"","overlay-color":"","overlay-opacity":"","overlay-gradient":""},"tablet":{"background-color":"var(--ast-global-color-5)","background-image":"","background-repeat":"repeat","background-position":"center center","background-size":"auto","background-attachment":"scroll","background-type":"","background-media":"","overlay-type":"","overlay-color":"","overlay-opacity":"","overlay-gradient":""},"mobile":{"background-color":"var(--ast-global-color-5)","background-image":"","background-repeat":"repeat","background-position":"center center","background-size":"auto","background-attachment":"scroll","background-type":"","background-media":"","overlay-type":"","overlay-color":"","overlay-opacity":"","overlay-gradient":""}}},"product_brand":[],"product_cat":[96],"product_tag":[],"class_list":{"0":"post-5910","1":"product","2":"type-product","3":"status-publish","4":"has-post-thumbnail","6":"product_cat-carbon-steel-ball","7":"desktop-align-left","8":"tablet-align-left","9":"mobile-align-left","10":"ast-product-gallery-layout-horizontal-slider","11":"ast-product-tabs-layout-horizontal","13":"first","14":"instock","15":"featured","16":"shipping-taxable","17":"product-type-simple"},"uagb_featured_image_src":{"full":["https:\/\/www.dong-esteelball.com\/wp-content\/uploads\/2025\/10\/53977ef23af87c7bc82b7869d437d73b.jpg",1427,1279,false],"thumbnail":["https:\/\/www.dong-esteelball.com\/wp-content\/uploads\/2025\/10\/53977ef23af87c7bc82b7869d437d73b-150x150.jpg",150,150,true],"medium":["https:\/\/www.dong-esteelball.com\/wp-content\/uploads\/2025\/10\/53977ef23af87c7bc82b7869d437d73b-300x269.jpg",300,269,true],"medium_large":["https:\/\/www.dong-esteelball.com\/wp-content\/uploads\/2025\/10\/53977ef23af87c7bc82b7869d437d73b-768x688.jpg",768,688,true],"large":["https:\/\/www.dong-esteelball.com\/wp-content\/uploads\/2025\/10\/53977ef23af87c7bc82b7869d437d73b-1024x918.jpg",1024,918,true],"1536x1536":["https:\/\/www.dong-esteelball.com\/wp-content\/uploads\/2025\/10\/53977ef23af87c7bc82b7869d437d73b.jpg",1427,1279,false],"2048x2048":["https:\/\/www.dong-esteelball.com\/wp-content\/uploads\/2025\/10\/53977ef23af87c7bc82b7869d437d73b.jpg",1427,1279,false],"trp-custom-language-flag":["https:\/\/www.dong-esteelball.com\/wp-content\/uploads\/2025\/10\/53977ef23af87c7bc82b7869d437d73b-13x12.jpg",13,12,true],"woocommerce_thumbnail":["https:\/\/www.dong-esteelball.com\/wp-content\/uploads\/2025\/10\/53977ef23af87c7bc82b7869d437d73b-300x300.jpg",300,300,true],"woocommerce_single":["https:\/\/www.dong-esteelball.com\/wp-content\/uploads\/2025\/10\/53977ef23af87c7bc82b7869d437d73b-600x538.jpg",600,538,true],"woocommerce_gallery_thumbnail":["https:\/\/www.dong-esteelball.com\/wp-content\/uploads\/2025\/10\/53977ef23af87c7bc82b7869d437d73b-100x100.jpg",100,100,true]},"uagb_author_info":{"display_name":"\u9c81\u65ed(\u4e1c\u963f)\u4f9b\u5e94\u94fe\u670d\u52a1\u6709\u9650\u516c\u53f8","author_link":"https:\/\/www.dong-esteelball.com\/tr\/author\/"},"uagb_comment_info":0,"uagb_excerpt":"Feature highlights:High-precision AISI1010 G1000 carbon steel bearing balls with HRC58-62 hardness, suitable for automotive, bicycle, and industrial applications. Trusted by Machinery Repair Shops, Food &amp; Beverage Factories, and Energy &amp; Mining sectors. With over 5000 tons of annual production capacity and rigorous inspection methods including optical sorting, quality is assured. Free samples available.","_links":{"self":[{"href":"https:\/\/www.dong-esteelball.com\/tr\/wp-json\/wp\/v2\/product\/5910","targetHints":{"allow":["GET"]}}],"collection":[{"href":"https:\/\/www.dong-esteelball.com\/tr\/wp-json\/wp\/v2\/product"}],"about":[{"href":"https:\/\/www.dong-esteelball.com\/tr\/wp-json\/wp\/v2\/types\/product"}],"wp:featuredmedia":[{"embeddable":true,"href":"https:\/\/www.dong-esteelball.com\/tr\/wp-json\/wp\/v2\/media\/6919"}],"wp:attachment":[{"href":"https:\/\/www.dong-esteelball.com\/tr\/wp-json\/wp\/v2\/media?parent=5910"}],"wp:term":[{"taxonomy":"product_brand","embeddable":true,"href":"https:\/\/www.dong-esteelball.com\/tr\/wp-json\/wp\/v2\/product_brand?post=5910"},{"taxonomy":"product_cat","embeddable":true,"href":"https:\/\/www.dong-esteelball.com\/tr\/wp-json\/wp\/v2\/product_cat?post=5910"},{"taxonomy":"product_tag","embeddable":true,"href":"https:\/\/www.dong-esteelball.com\/tr\/wp-json\/wp\/v2\/product_tag?post=5910"}],"curies":[{"name":"wp","href":"https:\/\/api.w.org\/{rel}","templated":true}]}}